{"id":1033401,"date":"2025-07-23T12:32:45","date_gmt":"2025-07-23T12:32:45","guid":{"rendered":"https:\/\/www.wpdirectorykit.com\/nexproperty\/?page_id=1033401"},"modified":"2026-04-29T10:15:32","modified_gmt":"2026-04-29T13:15:32","slug":"empresa","status":"publish","type":"page","link":"https:\/\/peraltainmobiliaria.com.ar\/sitio\/empresa\/","title":{"rendered":"La empresa"},"content":{"rendered":"\t\t<div data-elementor-type=\"wp-page\" data-elementor-id=\"1033401\" class=\"elementor elementor-1033401\">\n\t\t\t\t\t\t<section class=\"elementor-section elementor-top-section elementor-element elementor-element-5c90b6d elementor-hidden-desktop elementor-hidden-tablet elementor-section-boxed elementor-section-height-default elementor-section-height-default wpr-particle-no wpr-jarallax-no wpr-parallax-no wpr-sticky-section-no wpr-column-slider-no wpr-equal-height-no\" data-id=\"5c90b6d\" data-element_type=\"section\" data-e-type=\"section\">\n\t\t\t\t\t\t<div class=\"elementor-container elementor-column-gap-default\">\n\t\t\t\t\t<div class=\"elementor-column elementor-col-100 elementor-top-column elementor-element elementor-element-5fc5f72\" data-id=\"5fc5f72\" data-element_type=\"column\" data-e-type=\"column\">\n\t\t\t<div class=\"elementor-widget-wrap elementor-element-populated\">\n\t\t\t\t\t\t<div class=\"elementor-element elementor-element-17f18b3 elementor-widget__width-auto elementor-hidden-desktop elementor-hidden-tablet elementor-widget elementor-widget-wdk-button-login\" data-id=\"17f18b3\" data-element_type=\"widget\" data-e-type=\"widget\" data-widget_type=\"wdk-button-login.default\">\n\t\t\t\t<div class=\"elementor-widget-container\">\n\t\t\t\t\t\r\n<div class=\"wdk-element wdk-button-login\" id=\"wdk_el_17f18b3\">\r\n        <a href=\"https:\/\/peraltainmobiliaria.com.ar\/sitio\/wp-login.php\" id=\"\" class=\"wdk-element-button login\">\r\n                    <i aria-hidden=\"true\" class=\"fas fa-user\"><\/i>                Login            <\/a>\r\n    \r\n    <\/div>\r\n\r\n\t\t\t\t<\/div>\n\t\t\t\t<\/div>\n\t\t\t\t\t<\/div>\n\t\t<\/div>\n\t\t\t\t\t<\/div>\n\t\t<\/section>\n\t\t\t\t<section data-wpr-sticky-section=\"yes\" data-wpr-position-type=\"sticky\" data-wpr-position-offset=\"0\" data-wpr-position-location=\"top\" data-wpr-sticky-devices=\"mobile_sticky tablet_sticky desktop_sticky\" data-wpr-custom-breakpoints=\"\" data-wpr-active-breakpoints=\"mobile_sticky tablet_sticky desktop_sticky\" data-wpr-z-index=\"10\" data-wpr-sticky-hide=\"\" data-wpr-replace-header=\"\" data-wpr-animation-duration=\"\" data-wpr-sticky-type=\"sticky\" class=\"elementor-section elementor-top-section elementor-element elementor-element-9368643 elementor-section-full_width elementor-section-height-min-height elementor-section-stretched wpr-sticky-section-yes elementor-section-height-default elementor-section-items-middle wpr-particle-no wpr-jarallax-no wpr-parallax-no wpr-column-slider-no wpr-equal-height-no\" data-id=\"9368643\" data-element_type=\"section\" data-e-type=\"section\" data-settings=\"{&quot;stretch_section&quot;:&quot;section-stretched&quot;,&quot;background_background&quot;:&quot;classic&quot;,&quot;position_offset&quot;:0,&quot;position_offset_tablet&quot;:0,&quot;position_offset_mobile&quot;:0}\">\n\t\t\t\t\t\t<div class=\"elementor-container elementor-column-gap-default\">\n\t\t\t\t\t<div class=\"elementor-column elementor-col-50 elementor-top-column elementor-element elementor-element-f70618f\" data-id=\"f70618f\" data-element_type=\"column\" data-e-type=\"column\">\n\t\t\t<div class=\"elementor-widget-wrap elementor-element-populated\">\n\t\t\t\t\t\t<div class=\"elementor-element elementor-element-3579a49 elementor-widget elementor-widget-eli-logo\" data-id=\"3579a49\" data-element_type=\"widget\" data-e-type=\"widget\" data-widget_type=\"eli-logo.default\">\n\t\t\t\t<div class=\"elementor-widget-container\">\n\t\t\t\t\t<div class=\"widget-eli eli-logo\" id=\"eli_56072777\">\r\n    <div class=\"eli_container\">\r\n                    <a href=\"https:\/\/peraltainmobiliaria.com.ar\/sitio\/\"  class=\"custom-logo-link\">\r\n                <img decoding=\"async\" src=\"https:\/\/peraltainmobiliaria.com.ar\/sitio\/wp-content\/uploads\/2025\/07\/pernew.png\" alt=\"Peralta Inmobiliaria\">\r\n            <\/a>\r\n            <\/div>\r\n<\/div>\t\t\t\t<\/div>\n\t\t\t\t<\/div>\n\t\t\t\t\t<\/div>\n\t\t<\/div>\n\t\t\t\t<div class=\"elementor-column elementor-col-50 elementor-top-column elementor-element elementor-element-b5e4385\" data-id=\"b5e4385\" data-element_type=\"column\" data-e-type=\"column\">\n\t\t\t<div class=\"elementor-widget-wrap elementor-element-populated\">\n\t\t\t\t\t\t<div class=\"elementor-element elementor-element-92582fb elementor-widget-mobile__width-auto elementor-widget-tablet__width-auto wl-nav-menu--indicator-classic wl-nav-menu--dropdown-tablet wl-nav-menu__text-align-aside wl-nav-menu--toggle wl-nav-menu--burger elementor-widget elementor-widget-eli-menu\" data-id=\"92582fb\" data-element_type=\"widget\" data-e-type=\"widget\" data-settings=\"{&quot;layout&quot;:&quot;horizontal&quot;,&quot;toggle&quot;:&quot;burger&quot;}\" data-widget_type=\"eli-menu.default\">\n\t\t\t\t<div class=\"elementor-widget-container\">\n\t\t\t\t\t\r\n        <div class=\"widget-eli elementinvader-addons-for-elementor eli-menu elementor-clickable\" id=\"eli_153453307\">\r\n    <div class=\"eli-container\">\r\n        <div class=\"wl_nav_mask\"><\/div>\r\n                    <nav role=\"navigation\" class=\"wl-nav-menu--main wl-nav-menu__container wl-nav-menu--layout-horizontal\"><div class=\"menu-menu-golden-container\"><ul id=\"menu-1-92582fb\" class=\"wl-nav-menu wl-nav-menu\"><li class=\"menu-item menu-item-type-post_type menu-item-object-page menu-item-home menu-item-1033573\"><a href=\"https:\/\/peraltainmobiliaria.com.ar\/sitio\/\" class=\"wl-item\">Inicio<\/a><\/li>\n<li class=\"menu-item menu-item-type-post_type menu-item-object-page menu-item-1033790\"><a href=\"https:\/\/peraltainmobiliaria.com.ar\/sitio\/list-map\/\" class=\"wl-item\">Propiedades<\/a><\/li>\n<li class=\"menu-item menu-item-type-post_type menu-item-object-page menu-item-1033686\"><a href=\"https:\/\/peraltainmobiliaria.com.ar\/sitio\/empresa\/\" class=\"wl-item\">La Empresa<\/a><\/li>\n<li class=\"menu-item menu-item-type-post_type menu-item-object-page menu-item-1033689\"><a href=\"https:\/\/peraltainmobiliaria.com.ar\/sitio\/team\/\" class=\"wl-item\">El Equipo<\/a><\/li>\n<li class=\"menu-item menu-item-type-post_type menu-item-object-page menu-item-103893\"><a href=\"https:\/\/peraltainmobiliaria.com.ar\/sitio\/contacto\/\" class=\"wl-item\">Contacto<\/a><\/li>\n<\/ul><\/div><\/nav>\r\n                    <div class=\"wl-menu-toggle\" role=\"button\" aria-label=\"Menu Toggle\" aria-expanded=\"false\">\r\n            <i aria-hidden=\"true\" class=\"fas fa-bars\"><\/i>                    <\/div>\r\n        <nav class=\"wl-nav-menu--dropdown wl-nav-menu__container\" role=\"navigation\" aria-hidden=\"true\">\r\n            <a href=\"#\" class=\"wl_close-menu\">\r\n                <span class=\"bar1\"><\/span>\r\n                <span class=\"bar3\"><\/span>\r\n            <\/a>\r\n            <div class=\"menu-menu-golden-container\"><ul id=\"menu-1-92582fb\" class=\"wl-nav-menu wl-nav-menu\"><li class=\"menu-item menu-item-type-post_type menu-item-object-page menu-item-home menu-item-1033573\"><a href=\"https:\/\/peraltainmobiliaria.com.ar\/sitio\/\" class=\"wl-item\">Inicio<\/a><\/li>\n<li class=\"menu-item menu-item-type-post_type menu-item-object-page menu-item-1033790\"><a href=\"https:\/\/peraltainmobiliaria.com.ar\/sitio\/list-map\/\" class=\"wl-item\">Propiedades<\/a><\/li>\n<li class=\"menu-item menu-item-type-post_type menu-item-object-page menu-item-1033686\"><a href=\"https:\/\/peraltainmobiliaria.com.ar\/sitio\/empresa\/\" class=\"wl-item\">La Empresa<\/a><\/li>\n<li class=\"menu-item menu-item-type-post_type menu-item-object-page menu-item-1033689\"><a href=\"https:\/\/peraltainmobiliaria.com.ar\/sitio\/team\/\" class=\"wl-item\">El Equipo<\/a><\/li>\n<li class=\"menu-item menu-item-type-post_type menu-item-object-page menu-item-103893\"><a href=\"https:\/\/peraltainmobiliaria.com.ar\/sitio\/contacto\/\" class=\"wl-item\">Contacto<\/a><\/li>\n<\/ul><\/div>        <\/nav>\r\n    <\/div>\r\n    \r\n<\/div>\t\t\t\t<\/div>\n\t\t\t\t<\/div>\n\t\t\t\t\t<\/div>\n\t\t<\/div>\n\t\t\t\t\t<\/div>\n\t\t<\/section>\n\t\t\t\t<section class=\"elementor-section elementor-top-section elementor-element elementor-element-c779453 elementor-section-boxed elementor-section-height-default elementor-section-height-default wpr-particle-no wpr-jarallax-no wpr-parallax-no wpr-sticky-section-no wpr-column-slider-no wpr-equal-height-no\" data-id=\"c779453\" data-element_type=\"section\" data-e-type=\"section\" data-settings=\"{&quot;background_background&quot;:&quot;classic&quot;}\">\n\t\t\t\t\t\t\t<div class=\"elementor-background-overlay\"><\/div>\n\t\t\t\t\t\t\t<div class=\"elementor-container elementor-column-gap-default\">\n\t\t\t\t\t<div class=\"elementor-column elementor-col-100 elementor-top-column elementor-element elementor-element-5f27a0f\" data-id=\"5f27a0f\" data-element_type=\"column\" data-e-type=\"column\">\n\t\t\t<div class=\"elementor-widget-wrap elementor-element-populated\">\n\t\t\t\t\t\t<div class=\"elementor-element elementor-element-34e3acc elementor-widget elementor-widget-heading\" data-id=\"34e3acc\" data-element_type=\"widget\" data-e-type=\"widget\" data-widget_type=\"heading.default\">\n\t\t\t\t\t<h2 class=\"elementor-heading-title elementor-size-default\">La empresa<\/h2>\t\t\t\t<\/div>\n\t\t\t\t\t<\/div>\n\t\t<\/div>\n\t\t\t\t\t<\/div>\n\t\t<\/section>\n\t\t<div class=\"elementor-element elementor-element-4c8a842 e-flex e-con-boxed wpr-particle-no wpr-jarallax-no wpr-parallax-no wpr-sticky-section-no wpr-column-slider-no wpr-equal-height-no e-con e-parent\" data-id=\"4c8a842\" data-element_type=\"container\" data-e-type=\"container\">\n\t\t\t\t\t<div class=\"e-con-inner\">\n\t\t<div class=\"elementor-element elementor-element-a6c9503 e-con-full e-flex wpr-particle-no wpr-jarallax-no wpr-parallax-no wpr-sticky-section-no wpr-column-slider-no wpr-equal-height-no e-con e-child\" data-id=\"a6c9503\" data-element_type=\"container\" data-e-type=\"container\">\n\t\t\t\t<div class=\"elementor-element elementor-element-c999f01 elementor-widget elementor-widget-text-editor\" data-id=\"c999f01\" data-element_type=\"widget\" data-e-type=\"widget\" data-widget_type=\"text-editor.default\">\n\t\t\t\t\t\t\t\t\t<p><strong>Peralta Inmobiliaria.<\/strong>\u00a0es una empresa\u00a0 mendocina, con m\u00e1s de 20 a\u00f1os de experiencia, que se ha capacitado y contin\u00faa haci\u00e9ndolo para la administraci\u00f3n de consorcios, alquileres y la venta de propiedades.<\/p><p>Nuestra visi\u00f3n es ser la inmobiliaria elegida por nuestros servicios, capacidad de respuesta y calidad humana. Ser reconocidos como una empresa tradicional del sector inmobiliario mendocino.<\/p><p>Nuestra misi\u00f3n es continuar apoy\u00e1ndonos en nuestros valores y capacidades profesionales para que nuestros clientes, ya sean vendedores o compradores, propietarios o inquilinos, sigan cumpliendo sus expectativas.<\/p>\t\t\t\t\t\t\t\t<\/div>\n\t\t\t\t<\/div>\n\t\t<div class=\"elementor-element elementor-element-6ea8ad5 e-con-full e-flex wpr-particle-no wpr-jarallax-no wpr-parallax-no wpr-sticky-section-no wpr-column-slider-no wpr-equal-height-no e-con e-child\" data-id=\"6ea8ad5\" data-element_type=\"container\" data-e-type=\"container\">\n\t\t\t\t<div class=\"elementor-element elementor-element-503bf47 elementor-widget elementor-widget-image\" data-id=\"503bf47\" data-element_type=\"widget\" data-e-type=\"widget\" data-widget_type=\"image.default\">\n\t\t\t\t\t\t\t\t\t\t\t\t\t\t\t<img fetchpriority=\"high\" decoding=\"async\" width=\"523\" height=\"175\" src=\"https:\/\/peraltainmobiliaria.com.ar\/sitio\/wp-content\/uploads\/2025\/07\/pernew.png\" class=\"attachment-large size-large wp-image-1033588\" alt=\"\" \/>\t\t\t\t\t\t\t\t\t\t\t\t\t\t\t<\/div>\n\t\t\t\t<\/div>\n\t\t\t\t\t<\/div>\n\t\t\t\t<\/div>\n\t\t<div class=\"elementor-element elementor-element-5e3707f e-con-full e-flex wpr-particle-no wpr-jarallax-no wpr-parallax-no wpr-sticky-section-no wpr-column-slider-no wpr-equal-height-no e-con e-parent\" data-id=\"5e3707f\" data-element_type=\"container\" data-e-type=\"container\">\n\t\t\t\t<div class=\"elementor-element elementor-element-029598a elementor-widget elementor-widget-html\" data-id=\"029598a\" data-element_type=\"widget\" data-e-type=\"widget\" data-widget_type=\"html.default\">\n\t\t\t\t\t<iframe width=\"100%\" height=\"585\" src=\"https:\/\/www.youtube.com\/embed\/Dnde33DLKq8?si=fq7aVsLyRumXCJ95\" title=\"YouTube video player\" frameborder=\"0\" allow=\"accelerometer; autoplay; clipboard-write; encrypted-media; gyroscope; picture-in-picture; web-share\" referrerpolicy=\"strict-origin-when-cross-origin\" allowfullscreen><\/iframe>\t\t\t\t<\/div>\n\t\t\t\t<\/div>\n\t\t\t\t<footer class=\"elementor-section elementor-top-section elementor-element elementor-element-cac6d1d elementor-section-boxed elementor-section-height-default elementor-section-height-default wpr-particle-no wpr-jarallax-no wpr-parallax-no wpr-sticky-section-no wpr-column-slider-no wpr-equal-height-no\" data-id=\"cac6d1d\" data-element_type=\"section\" data-e-type=\"section\" data-settings=\"{&quot;background_background&quot;:&quot;classic&quot;}\">\n\t\t\t\t\t\t\t<div class=\"elementor-background-overlay\"><\/div>\n\t\t\t\t\t\t\t<div class=\"elementor-container elementor-column-gap-no\">\n\t\t\t\t\t<div class=\"elementor-column elementor-col-33 elementor-top-column elementor-element elementor-element-9bc4906\" data-id=\"9bc4906\" data-element_type=\"column\" data-e-type=\"column\">\n\t\t\t<div class=\"elementor-widget-wrap elementor-element-populated\">\n\t\t\t\t\t\t<div class=\"elementor-element elementor-element-0bb28cb elementor-widget elementor-widget-eli-logo\" data-id=\"0bb28cb\" data-element_type=\"widget\" data-e-type=\"widget\" data-widget_type=\"eli-logo.default\">\n\t\t\t\t<div class=\"elementor-widget-container\">\n\t\t\t\t\t<div class=\"widget-eli eli-logo\" id=\"eli_12265675\">\r\n    <div class=\"eli_container\">\r\n                    <a href=\"https:\/\/peraltainmobiliaria.com.ar\/sitio\/\"  class=\"custom-logo-link\">\r\n                <img decoding=\"async\" src=\"https:\/\/peraltainmobiliaria.com.ar\/sitio\/wp-content\/uploads\/2025\/07\/pernew.png\" alt=\"Peralta Inmobiliaria\">\r\n            <\/a>\r\n            <\/div>\r\n<\/div>\t\t\t\t<\/div>\n\t\t\t\t<\/div>\n\t\t\t\t<div class=\"elementor-element elementor-element-2059276 elementor-widget elementor-widget-text-editor\" data-id=\"2059276\" data-element_type=\"widget\" data-e-type=\"widget\" data-widget_type=\"text-editor.default\">\n\t\t\t\t\t\t\t\t\t<p style=\"text-align: center;\">Nuestra visi\u00f3n es ser la inmobiliaria elegida por nuestros servicios, capacidad de respuesta y calidad humana. Ser reconocidos como una empresa tradicional del sector inmobiliario mendocino.<\/p>\t\t\t\t\t\t\t\t<\/div>\n\t\t\t\t\t<\/div>\n\t\t<\/div>\n\t\t\t\t<div class=\"elementor-column elementor-col-33 elementor-top-column elementor-element elementor-element-475146d\" data-id=\"475146d\" data-element_type=\"column\" data-e-type=\"column\">\n\t\t\t<div class=\"elementor-widget-wrap elementor-element-populated\">\n\t\t\t\t\t\t<div class=\"elementor-element elementor-element-3d033ab elementor-widget elementor-widget-google_maps\" data-id=\"3d033ab\" data-element_type=\"widget\" data-e-type=\"widget\" data-widget_type=\"google_maps.default\">\n\t\t\t\t\t\t\t<div class=\"elementor-custom-embed\">\n\t\t\t<iframe loading=\"lazy\"\n\t\t\t\t\tsrc=\"https:\/\/maps.google.com\/maps?q=Peralta%20inmobiliaria&#038;t=m&#038;z=15&#038;output=embed&#038;iwloc=near\"\n\t\t\t\t\ttitle=\"Peralta inmobiliaria\"\n\t\t\t\t\taria-label=\"Peralta inmobiliaria\"\n\t\t\t><\/iframe>\n\t\t<\/div>\n\t\t\t\t\t\t<\/div>\n\t\t\t\t\t<\/div>\n\t\t<\/div>\n\t\t\t\t<div class=\"elementor-column elementor-col-33 elementor-top-column elementor-element elementor-element-205a64b\" data-id=\"205a64b\" data-element_type=\"column\" data-e-type=\"column\">\n\t\t\t<div class=\"elementor-widget-wrap elementor-element-populated\">\n\t\t\t\t\t\t<div class=\"elementor-element elementor-element-20a7b87 elementor-widget elementor-widget-heading\" data-id=\"20a7b87\" data-element_type=\"widget\" data-e-type=\"widget\" data-widget_type=\"heading.default\">\n\t\t\t\t\t<h2 class=\"elementor-heading-title elementor-size-default\">Nuestras redes<\/h2>\t\t\t\t<\/div>\n\t\t\t\t<div class=\"elementor-element elementor-element-bbefa66 elementor-mobile-align-center elementor-icon-list--layout-traditional elementor-list-item-link-full_width elementor-widget elementor-widget-icon-list\" data-id=\"bbefa66\" data-element_type=\"widget\" data-e-type=\"widget\" data-widget_type=\"icon-list.default\">\n\t\t\t\t\t\t\t<ul class=\"elementor-icon-list-items\">\n\t\t\t\t\t\t\t<li class=\"elementor-icon-list-item\">\n\t\t\t\t\t\t\t\t\t\t\t<a href=\"https:\/\/www.facebook.com\/peralta.inmobiliaria.godoycruzm.ar\/sitio\/grid-map\/?is_featured=on#results\">\n\n\t\t\t\t\t\t\t\t\t\t\t\t<span class=\"elementor-icon-list-icon\">\n\t\t\t\t\t\t\t<i aria-hidden=\"true\" class=\"fab fa-facebook\"><\/i>\t\t\t\t\t\t<\/span>\n\t\t\t\t\t\t\t\t\t\t<span class=\"elementor-icon-list-text\">Facebook<\/span>\n\t\t\t\t\t\t\t\t\t\t\t<\/a>\n\t\t\t\t\t\t\t\t\t<\/li>\n\t\t\t\t\t\t\t\t<li class=\"elementor-icon-list-item\">\n\t\t\t\t\t\t\t\t\t\t\t<a href=\"https:\/\/www.instagram.com\/peraltainmobiliaria.godoycruz\/\">\n\n\t\t\t\t\t\t\t\t\t\t\t\t<span class=\"elementor-icon-list-icon\">\n\t\t\t\t\t\t\t<i aria-hidden=\"true\" class=\"fab fa-instagram\"><\/i>\t\t\t\t\t\t<\/span>\n\t\t\t\t\t\t\t\t\t\t<span class=\"elementor-icon-list-text\">Instagram<\/span>\n\t\t\t\t\t\t\t\t\t\t\t<\/a>\n\t\t\t\t\t\t\t\t\t<\/li>\n\t\t\t\t\t\t<\/ul>\n\t\t\t\t\t\t<\/div>\n\t\t\t\t\t<\/div>\n\t\t<\/div>\n\t\t\t\t\t<\/div>\n\t\t<\/footer>\n\t\t\t\t<\/div>\n\t\t","protected":false},"excerpt":{"rendered":"<p>Inicio Propiedades La Empresa El Equipo Contacto Inicio Propiedades La Empresa El Equipo Contacto La empresa Peralta Inmobiliaria.\u00a0es una empresa\u00a0 mendocina, con m\u00e1s de 20 a\u00f1os de experiencia, que se ha capacitado y contin\u00faa haci\u00e9ndolo para la administraci\u00f3n de consorcios, alquileres y la venta de propiedades. Nuestra visi\u00f3n es ser la inmobiliaria elegida por nuestros servicios, capacidad de respuesta y calidad humana. Ser reconocidos como una empresa tradicional del sector inmobiliario mendocino. Nuestra misi\u00f3n es continuar apoy\u00e1ndonos en nuestros valores y capacidades profesionales para que nuestros clientes, ya sean vendedores o compradores, propietarios o inquilinos, sigan cumpliendo sus expectativas. Nuestra visi\u00f3n es ser la inmobiliaria elegida por nuestros servicios, capacidad de respuesta y calidad humana. Ser reconocidos como una empresa tradicional del sector inmobiliario mendocino. Nuestras redes Facebook Instagram<\/p>\n","protected":false},"author":1,"featured_media":0,"parent":0,"menu_order":0,"comment_status":"closed","ping_status":"closed","template":"elementor_canvas","meta":{"_joinchat":[],"footnotes":""},"class_list":["post-1033401","page","type-page","status-publish","hentry"],"_links":{"self":[{"href":"https:\/\/peraltainmobiliaria.com.ar\/sitio\/wp-json\/wp\/v2\/pages\/1033401","targetHints":{"allow":["GET"]}}],"collection":[{"href":"https:\/\/peraltainmobiliaria.com.ar\/sitio\/wp-json\/wp\/v2\/pages"}],"about":[{"href":"https:\/\/peraltainmobiliaria.com.ar\/sitio\/wp-json\/wp\/v2\/types\/page"}],"author":[{"embeddable":true,"href":"https:\/\/peraltainmobiliaria.com.ar\/sitio\/wp-json\/wp\/v2\/users\/1"}],"replies":[{"embeddable":true,"href":"https:\/\/peraltainmobiliaria.com.ar\/sitio\/wp-json\/wp\/v2\/comments?post=1033401"}],"version-history":[{"count":45,"href":"https:\/\/peraltainmobiliaria.com.ar\/sitio\/wp-json\/wp\/v2\/pages\/1033401\/revisions"}],"predecessor-version":[{"id":1034195,"href":"https:\/\/peraltainmobiliaria.com.ar\/sitio\/wp-json\/wp\/v2\/pages\/1033401\/revisions\/1034195"}],"wp:attachment":[{"href":"https:\/\/peraltainmobiliaria.com.ar\/sitio\/wp-json\/wp\/v2\/media?parent=1033401"}],"curies":[{"name":"wp","href":"https:\/\/api.w.org\/{rel}","templated":true}]}}