{"id":103871,"date":"2025-07-23T12:32:45","date_gmt":"2025-07-23T12:32:45","guid":{"rendered":"https:\/\/www.wpdirectorykit.com\/nexproperty\/?page_id=103871"},"modified":"2026-04-29T10:13:25","modified_gmt":"2026-04-29T13:13:25","slug":"contacto","status":"publish","type":"page","link":"https:\/\/peraltainmobiliaria.com.ar\/sitio\/contacto\/","title":{"rendered":"Contacto Peralta"},"content":{"rendered":"\t\t<div data-elementor-type=\"wp-page\" data-elementor-id=\"103871\" class=\"elementor elementor-103871\">\n\t\t\t\t\t\t<section class=\"elementor-section elementor-top-section elementor-element elementor-element-d0ccfbf elementor-hidden-desktop elementor-hidden-tablet elementor-section-boxed elementor-section-height-default elementor-section-height-default wpr-particle-no wpr-jarallax-no wpr-parallax-no wpr-sticky-section-no wpr-column-slider-no wpr-equal-height-no\" data-id=\"d0ccfbf\" data-element_type=\"section\" data-e-type=\"section\">\n\t\t\t\t\t\t<div class=\"elementor-container elementor-column-gap-default\">\n\t\t\t\t\t<div class=\"elementor-column elementor-col-100 elementor-top-column elementor-element elementor-element-8f1d7d6\" data-id=\"8f1d7d6\" data-element_type=\"column\" data-e-type=\"column\">\n\t\t\t<div class=\"elementor-widget-wrap elementor-element-populated\">\n\t\t\t\t\t\t<div class=\"elementor-element elementor-element-c8c1c06 elementor-widget__width-auto elementor-hidden-desktop elementor-hidden-tablet elementor-widget elementor-widget-wdk-button-login\" data-id=\"c8c1c06\" data-element_type=\"widget\" data-e-type=\"widget\" data-widget_type=\"wdk-button-login.default\">\n\t\t\t\t<div class=\"elementor-widget-container\">\n\t\t\t\t\t\r\n<div class=\"wdk-element wdk-button-login\" id=\"wdk_el_c8c1c06\">\r\n        <a href=\"https:\/\/peraltainmobiliaria.com.ar\/sitio\/wp-login.php\" id=\"\" class=\"wdk-element-button login\">\r\n                    <i aria-hidden=\"true\" class=\"fas fa-user\"><\/i>                Login            <\/a>\r\n    \r\n    <\/div>\r\n\r\n\t\t\t\t<\/div>\n\t\t\t\t<\/div>\n\t\t\t\t\t<\/div>\n\t\t<\/div>\n\t\t\t\t\t<\/div>\n\t\t<\/section>\n\t\t\t\t<section data-wpr-sticky-section=\"yes\" data-wpr-position-type=\"sticky\" data-wpr-position-offset=\"0\" data-wpr-position-location=\"top\" data-wpr-sticky-devices=\"mobile_sticky tablet_sticky desktop_sticky\" data-wpr-custom-breakpoints=\"\" data-wpr-active-breakpoints=\"mobile_sticky tablet_sticky desktop_sticky\" data-wpr-z-index=\"10\" data-wpr-sticky-hide=\"\" data-wpr-replace-header=\"\" data-wpr-animation-duration=\"\" data-wpr-sticky-type=\"sticky\" class=\"elementor-section elementor-top-section elementor-element elementor-element-b158186 elementor-section-full_width elementor-section-height-min-height elementor-section-stretched wpr-sticky-section-yes elementor-section-height-default elementor-section-items-middle wpr-particle-no wpr-jarallax-no wpr-parallax-no wpr-column-slider-no wpr-equal-height-no\" data-id=\"b158186\" data-element_type=\"section\" data-e-type=\"section\" data-settings=\"{&quot;stretch_section&quot;:&quot;section-stretched&quot;,&quot;background_background&quot;:&quot;classic&quot;,&quot;position_offset&quot;:0,&quot;position_offset_tablet&quot;:0,&quot;position_offset_mobile&quot;:0}\">\n\t\t\t\t\t\t<div class=\"elementor-container elementor-column-gap-default\">\n\t\t\t\t\t<div class=\"elementor-column elementor-col-50 elementor-top-column elementor-element elementor-element-2f4e5b5\" data-id=\"2f4e5b5\" data-element_type=\"column\" data-e-type=\"column\">\n\t\t\t<div class=\"elementor-widget-wrap elementor-element-populated\">\n\t\t\t\t\t\t<div class=\"elementor-element elementor-element-ab792ea elementor-widget elementor-widget-eli-logo\" data-id=\"ab792ea\" data-element_type=\"widget\" data-e-type=\"widget\" data-widget_type=\"eli-logo.default\">\n\t\t\t\t<div class=\"elementor-widget-container\">\n\t\t\t\t\t<div class=\"widget-eli eli-logo\" id=\"eli_179802858\">\r\n    <div class=\"eli_container\">\r\n                    <a href=\"https:\/\/peraltainmobiliaria.com.ar\/sitio\/\"  class=\"custom-logo-link\">\r\n                <img decoding=\"async\" src=\"https:\/\/peraltainmobiliaria.com.ar\/sitio\/wp-content\/uploads\/2025\/07\/pernew.png\" alt=\"Peralta Inmobiliaria\">\r\n            <\/a>\r\n            <\/div>\r\n<\/div>\t\t\t\t<\/div>\n\t\t\t\t<\/div>\n\t\t\t\t\t<\/div>\n\t\t<\/div>\n\t\t\t\t<div class=\"elementor-column elementor-col-50 elementor-top-column elementor-element elementor-element-31c93fb\" data-id=\"31c93fb\" data-element_type=\"column\" data-e-type=\"column\">\n\t\t\t<div class=\"elementor-widget-wrap elementor-element-populated\">\n\t\t\t\t\t\t<div class=\"elementor-element elementor-element-da2980c elementor-widget-mobile__width-auto elementor-widget-tablet__width-auto wl-nav-menu--indicator-classic wl-nav-menu--dropdown-tablet wl-nav-menu__text-align-aside wl-nav-menu--toggle wl-nav-menu--burger elementor-widget elementor-widget-eli-menu\" data-id=\"da2980c\" data-element_type=\"widget\" data-e-type=\"widget\" data-settings=\"{&quot;layout&quot;:&quot;horizontal&quot;,&quot;toggle&quot;:&quot;burger&quot;}\" data-widget_type=\"eli-menu.default\">\n\t\t\t\t<div class=\"elementor-widget-container\">\n\t\t\t\t\t\r\n        <div class=\"widget-eli elementinvader-addons-for-elementor eli-menu elementor-clickable\" id=\"eli_228759564\">\r\n    <div class=\"eli-container\">\r\n        <div class=\"wl_nav_mask\"><\/div>\r\n                    <nav role=\"navigation\" class=\"wl-nav-menu--main wl-nav-menu__container wl-nav-menu--layout-horizontal\"><div class=\"menu-menu-golden-container\"><ul id=\"menu-1-da2980c\" class=\"wl-nav-menu wl-nav-menu\"><li class=\"menu-item menu-item-type-post_type menu-item-object-page menu-item-home menu-item-1033573\"><a href=\"https:\/\/peraltainmobiliaria.com.ar\/sitio\/\" class=\"wl-item\">Inicio<\/a><\/li>\n<li class=\"menu-item menu-item-type-post_type menu-item-object-page menu-item-1033790\"><a href=\"https:\/\/peraltainmobiliaria.com.ar\/sitio\/list-map\/\" class=\"wl-item\">Propiedades<\/a><\/li>\n<li class=\"menu-item menu-item-type-post_type menu-item-object-page menu-item-1033686\"><a href=\"https:\/\/peraltainmobiliaria.com.ar\/sitio\/empresa\/\" class=\"wl-item\">La Empresa<\/a><\/li>\n<li class=\"menu-item menu-item-type-post_type menu-item-object-page menu-item-1033689\"><a href=\"https:\/\/peraltainmobiliaria.com.ar\/sitio\/team\/\" class=\"wl-item\">El Equipo<\/a><\/li>\n<li class=\"menu-item menu-item-type-post_type menu-item-object-page menu-item-103893\"><a href=\"https:\/\/peraltainmobiliaria.com.ar\/sitio\/contacto\/\" class=\"wl-item\">Contacto<\/a><\/li>\n<\/ul><\/div><\/nav>\r\n                    <div class=\"wl-menu-toggle\" role=\"button\" aria-label=\"Menu Toggle\" aria-expanded=\"false\">\r\n            <i aria-hidden=\"true\" class=\"fas fa-bars\"><\/i>                    <\/div>\r\n        <nav class=\"wl-nav-menu--dropdown wl-nav-menu__container\" role=\"navigation\" aria-hidden=\"true\">\r\n            <a href=\"#\" class=\"wl_close-menu\">\r\n                <span class=\"bar1\"><\/span>\r\n                <span class=\"bar3\"><\/span>\r\n            <\/a>\r\n            <div class=\"menu-menu-golden-container\"><ul id=\"menu-1-da2980c\" class=\"wl-nav-menu wl-nav-menu\"><li class=\"menu-item menu-item-type-post_type menu-item-object-page menu-item-home menu-item-1033573\"><a href=\"https:\/\/peraltainmobiliaria.com.ar\/sitio\/\" class=\"wl-item\">Inicio<\/a><\/li>\n<li class=\"menu-item menu-item-type-post_type menu-item-object-page menu-item-1033790\"><a href=\"https:\/\/peraltainmobiliaria.com.ar\/sitio\/list-map\/\" class=\"wl-item\">Propiedades<\/a><\/li>\n<li class=\"menu-item menu-item-type-post_type menu-item-object-page menu-item-1033686\"><a href=\"https:\/\/peraltainmobiliaria.com.ar\/sitio\/empresa\/\" class=\"wl-item\">La Empresa<\/a><\/li>\n<li class=\"menu-item menu-item-type-post_type menu-item-object-page menu-item-1033689\"><a href=\"https:\/\/peraltainmobiliaria.com.ar\/sitio\/team\/\" class=\"wl-item\">El Equipo<\/a><\/li>\n<li class=\"menu-item menu-item-type-post_type menu-item-object-page menu-item-103893\"><a href=\"https:\/\/peraltainmobiliaria.com.ar\/sitio\/contacto\/\" class=\"wl-item\">Contacto<\/a><\/li>\n<\/ul><\/div>        <\/nav>\r\n    <\/div>\r\n    \r\n<\/div>\t\t\t\t<\/div>\n\t\t\t\t<\/div>\n\t\t\t\t\t<\/div>\n\t\t<\/div>\n\t\t\t\t\t<\/div>\n\t\t<\/section>\n\t\t\t\t<section class=\"elementor-section elementor-top-section elementor-element elementor-element-016f76e elementor-section-boxed elementor-section-height-default elementor-section-height-default wpr-particle-no wpr-jarallax-no wpr-parallax-no wpr-sticky-section-no wpr-column-slider-no wpr-equal-height-no\" data-id=\"016f76e\" data-element_type=\"section\" data-e-type=\"section\" data-settings=\"{&quot;background_background&quot;:&quot;classic&quot;,&quot;shape_divider_bottom&quot;:&quot;opacity-tilt&quot;}\">\n\t\t\t\t\t\t\t<div class=\"elementor-background-overlay\"><\/div>\n\t\t\t\t\t\t<div class=\"elementor-shape elementor-shape-bottom\" aria-hidden=\"true\" data-negative=\"false\">\n\t\t\t<svg xmlns=\"http:\/\/www.w3.org\/2000\/svg\" viewBox=\"0 0 2600 131.1\" preserveAspectRatio=\"none\">\n\t<path class=\"elementor-shape-fill\" d=\"M0 0L2600 0 2600 69.1 0 0z\"\/>\n\t<path class=\"elementor-shape-fill\" style=\"opacity:0.5\" d=\"M0 0L2600 0 2600 69.1 0 69.1z\"\/>\n\t<path class=\"elementor-shape-fill\" style=\"opacity:0.25\" d=\"M2600 0L0 0 0 130.1 2600 69.1z\"\/>\n<\/svg>\t\t<\/div>\n\t\t\t\t\t<div class=\"elementor-container elementor-column-gap-default\">\n\t\t\t\t\t<div class=\"elementor-column elementor-col-100 elementor-top-column elementor-element elementor-element-1f325dc\" data-id=\"1f325dc\" data-element_type=\"column\" data-e-type=\"column\">\n\t\t\t<div class=\"elementor-widget-wrap elementor-element-populated\">\n\t\t\t\t\t\t<div class=\"elementor-element elementor-element-692d334 elementor-widget elementor-widget-heading\" data-id=\"692d334\" data-element_type=\"widget\" data-e-type=\"widget\" data-widget_type=\"heading.default\">\n\t\t\t\t\t<h2 class=\"elementor-heading-title elementor-size-default\">Contacto<\/h2>\t\t\t\t<\/div>\n\t\t\t\t\t<\/div>\n\t\t<\/div>\n\t\t\t\t\t<\/div>\n\t\t<\/section>\n\t\t\t\t<section class=\"elementor-section elementor-top-section elementor-element elementor-element-79dca39e elementor-section-boxed elementor-section-height-default elementor-section-height-default wpr-particle-no wpr-jarallax-no wpr-parallax-no wpr-sticky-section-no wpr-column-slider-no wpr-equal-height-no\" data-id=\"79dca39e\" data-element_type=\"section\" data-e-type=\"section\">\n\t\t\t\t\t\t<div class=\"elementor-container elementor-column-gap-no\">\n\t\t\t\t\t<div class=\"elementor-column elementor-col-100 elementor-top-column elementor-element elementor-element-1b0ca861\" data-id=\"1b0ca861\" data-element_type=\"column\" data-e-type=\"column\">\n\t\t\t<div class=\"elementor-widget-wrap elementor-element-populated\">\n\t\t\t\t\t\t<div class=\"elementor-element elementor-element-1a67a53 elementor-widget elementor-widget-google_maps\" data-id=\"1a67a53\" data-element_type=\"widget\" data-e-type=\"widget\" data-widget_type=\"google_maps.default\">\n\t\t\t\t\t\t\t<div class=\"elementor-custom-embed\">\n\t\t\t<iframe loading=\"lazy\"\n\t\t\t\t\tsrc=\"https:\/\/maps.google.com\/maps?q=Peralta%20Inmobiliaria&#038;t=m&#038;z=14&#038;output=embed&#038;iwloc=near\"\n\t\t\t\t\ttitle=\"Peralta Inmobiliaria\"\n\t\t\t\t\taria-label=\"Peralta Inmobiliaria\"\n\t\t\t><\/iframe>\n\t\t<\/div>\n\t\t\t\t\t\t<\/div>\n\t\t\t\t\t<\/div>\n\t\t<\/div>\n\t\t\t\t\t<\/div>\n\t\t<\/section>\n\t\t\t\t<section class=\"elementor-section elementor-top-section elementor-element elementor-element-1baa15d6 elementor-section-boxed elementor-section-height-default elementor-section-height-default wpr-particle-no wpr-jarallax-no wpr-parallax-no wpr-sticky-section-no wpr-column-slider-no wpr-equal-height-no\" data-id=\"1baa15d6\" data-element_type=\"section\" data-e-type=\"section\">\n\t\t\t\t\t\t<div class=\"elementor-container elementor-column-gap-no\">\n\t\t\t\t\t<div class=\"elementor-column elementor-col-100 elementor-top-column elementor-element elementor-element-1d8ac651\" data-id=\"1d8ac651\" data-element_type=\"column\" data-e-type=\"column\">\n\t\t\t<div class=\"elementor-widget-wrap elementor-element-populated\">\n\t\t\t\t\t\t<div class=\"elementor-element elementor-element-65e41aea elementor-widget elementor-widget-heading\" data-id=\"65e41aea\" data-element_type=\"widget\" data-e-type=\"widget\" data-widget_type=\"heading.default\">\n\t\t\t\t\t<h2 class=\"elementor-heading-title elementor-size-default\">No dude en consultarnos<\/h2>\t\t\t\t<\/div>\n\t\t\t\t<div class=\"elementor-element elementor-element-3e6096db elementor-widget elementor-widget-text-editor\" data-id=\"3e6096db\" data-element_type=\"widget\" data-e-type=\"widget\" data-widget_type=\"text-editor.default\">\n\t\t\t\t\t\t\t\t\t<p>Descubre tu pr\u00f3ximo hogar o inversi\u00f3n con <strong>Peralta Inmobiliaria<\/strong> . Te acompa\u00f1amos en cada paso, ofreciendo propiedades \u00fanicas y asesoramiento experto. \u00a1Tu b\u00fasqueda termina aqu\u00ed! Cont\u00e1ctanos para encontrar la propiedad ideal que se adapte a tus sue\u00f1os y necesidades.<\/p>\t\t\t\t\t\t\t\t<\/div>\n\t\t\t\t<div class=\"elementor-element elementor-element-758a8d45 elementor-widget elementor-widget-heading\" data-id=\"758a8d45\" data-element_type=\"widget\" data-e-type=\"widget\" data-widget_type=\"heading.default\">\n\t\t\t\t\t<h2 class=\"elementor-heading-title elementor-size-default\">Contacto<\/h2>\t\t\t\t<\/div>\n\t\t\t\t<div class=\"elementor-element elementor-element-ffc76b5 elementor-widget elementor-widget-text-editor\" data-id=\"ffc76b5\" data-element_type=\"widget\" data-e-type=\"widget\" data-widget_type=\"text-editor.default\">\n\t\t\t\t\t\t\t\t\t<ul><li><span class=\"elementor-icon-list-text\">Perito Moreno 1454 &#8211; Godoy Cruz, Mendoza <\/span><\/li><li><a href=\"mailto:info@peraltainmobiliaria.com.ar\"><span class=\"elementor-icon-list-text\">info@peraltainmobiliaria.com.ar<\/span><\/a><\/li><li><a href=\"tel:+542617471532\"><span class=\"elementor-icon-list-text\">2617471532<\/span><\/a><\/li><\/ul>\t\t\t\t\t\t\t\t<\/div>\n\t\t\t\t\t<\/div>\n\t\t<\/div>\n\t\t\t\t\t<\/div>\n\t\t<\/section>\n\t\t<div class=\"elementor-element elementor-element-1399e33 e-flex e-con-boxed wpr-particle-no wpr-jarallax-no wpr-parallax-no wpr-sticky-section-no wpr-column-slider-no wpr-equal-height-no e-con e-parent\" data-id=\"1399e33\" data-element_type=\"container\" data-e-type=\"container\">\n\t\t\t\t\t<div class=\"e-con-inner\">\n\t\t\t\t\t<\/div>\n\t\t\t\t<\/div>\n\t\t\t\t<footer class=\"elementor-section elementor-top-section elementor-element elementor-element-8f04345 elementor-section-boxed elementor-section-height-default elementor-section-height-default wpr-particle-no wpr-jarallax-no wpr-parallax-no wpr-sticky-section-no wpr-column-slider-no wpr-equal-height-no\" data-id=\"8f04345\" data-element_type=\"section\" data-e-type=\"section\" data-settings=\"{&quot;background_background&quot;:&quot;classic&quot;}\">\n\t\t\t\t\t\t\t<div class=\"elementor-background-overlay\"><\/div>\n\t\t\t\t\t\t\t<div class=\"elementor-container elementor-column-gap-no\">\n\t\t\t\t\t<div class=\"elementor-column elementor-col-33 elementor-top-column elementor-element elementor-element-db14d8e\" data-id=\"db14d8e\" data-element_type=\"column\" data-e-type=\"column\">\n\t\t\t<div class=\"elementor-widget-wrap elementor-element-populated\">\n\t\t\t\t\t\t<div class=\"elementor-element elementor-element-5a64f6e elementor-widget elementor-widget-eli-logo\" data-id=\"5a64f6e\" data-element_type=\"widget\" data-e-type=\"widget\" data-widget_type=\"eli-logo.default\">\n\t\t\t\t<div class=\"elementor-widget-container\">\n\t\t\t\t\t<div class=\"widget-eli eli-logo\" id=\"eli_94785390\">\r\n    <div class=\"eli_container\">\r\n                    <a href=\"https:\/\/peraltainmobiliaria.com.ar\/sitio\/\"  class=\"custom-logo-link\">\r\n                <img decoding=\"async\" src=\"https:\/\/peraltainmobiliaria.com.ar\/sitio\/wp-content\/uploads\/2025\/07\/pernew.png\" alt=\"Peralta Inmobiliaria\">\r\n            <\/a>\r\n            <\/div>\r\n<\/div>\t\t\t\t<\/div>\n\t\t\t\t<\/div>\n\t\t\t\t<div class=\"elementor-element elementor-element-c18c932 elementor-widget elementor-widget-text-editor\" data-id=\"c18c932\" data-element_type=\"widget\" data-e-type=\"widget\" data-widget_type=\"text-editor.default\">\n\t\t\t\t\t\t\t\t\t<p style=\"text-align: center;\">Nuestra visi\u00f3n es ser la inmobiliaria elegida por nuestros servicios, capacidad de respuesta y calidad humana. Ser reconocidos como una empresa tradicional del sector inmobiliario mendocino.<\/p>\t\t\t\t\t\t\t\t<\/div>\n\t\t\t\t\t<\/div>\n\t\t<\/div>\n\t\t\t\t<div class=\"elementor-column elementor-col-33 elementor-top-column elementor-element elementor-element-db7a2cb\" data-id=\"db7a2cb\" data-element_type=\"column\" data-e-type=\"column\">\n\t\t\t<div class=\"elementor-widget-wrap elementor-element-populated\">\n\t\t\t\t\t\t<div class=\"elementor-element elementor-element-7edbad6 elementor-widget elementor-widget-google_maps\" data-id=\"7edbad6\" data-element_type=\"widget\" data-e-type=\"widget\" data-widget_type=\"google_maps.default\">\n\t\t\t\t\t\t\t<div class=\"elementor-custom-embed\">\n\t\t\t<iframe loading=\"lazy\"\n\t\t\t\t\tsrc=\"https:\/\/maps.google.com\/maps?q=Peralta%20inmobiliaria&#038;t=m&#038;z=15&#038;output=embed&#038;iwloc=near\"\n\t\t\t\t\ttitle=\"Peralta inmobiliaria\"\n\t\t\t\t\taria-label=\"Peralta inmobiliaria\"\n\t\t\t><\/iframe>\n\t\t<\/div>\n\t\t\t\t\t\t<\/div>\n\t\t\t\t\t<\/div>\n\t\t<\/div>\n\t\t\t\t<div class=\"elementor-column elementor-col-33 elementor-top-column elementor-element elementor-element-3c0ffa8\" data-id=\"3c0ffa8\" data-element_type=\"column\" data-e-type=\"column\">\n\t\t\t<div class=\"elementor-widget-wrap elementor-element-populated\">\n\t\t\t\t\t\t<div class=\"elementor-element elementor-element-826199f elementor-widget elementor-widget-heading\" data-id=\"826199f\" data-element_type=\"widget\" data-e-type=\"widget\" data-widget_type=\"heading.default\">\n\t\t\t\t\t<h2 class=\"elementor-heading-title elementor-size-default\">Nuestras redes<\/h2>\t\t\t\t<\/div>\n\t\t\t\t<div class=\"elementor-element elementor-element-b95043f elementor-mobile-align-center elementor-icon-list--layout-traditional elementor-list-item-link-full_width elementor-widget elementor-widget-icon-list\" data-id=\"b95043f\" data-element_type=\"widget\" data-e-type=\"widget\" data-widget_type=\"icon-list.default\">\n\t\t\t\t\t\t\t<ul class=\"elementor-icon-list-items\">\n\t\t\t\t\t\t\t<li class=\"elementor-icon-list-item\">\n\t\t\t\t\t\t\t\t\t\t\t<a href=\"https:\/\/www.facebook.com\/peralta.inmobiliaria.godoycruzm.ar\/sitio\/grid-map\/?is_featured=on#results\">\n\n\t\t\t\t\t\t\t\t\t\t\t\t<span class=\"elementor-icon-list-icon\">\n\t\t\t\t\t\t\t<i aria-hidden=\"true\" class=\"fab fa-facebook\"><\/i>\t\t\t\t\t\t<\/span>\n\t\t\t\t\t\t\t\t\t\t<span class=\"elementor-icon-list-text\">Facebook<\/span>\n\t\t\t\t\t\t\t\t\t\t\t<\/a>\n\t\t\t\t\t\t\t\t\t<\/li>\n\t\t\t\t\t\t\t\t<li class=\"elementor-icon-list-item\">\n\t\t\t\t\t\t\t\t\t\t\t<a href=\"https:\/\/www.instagram.com\/peraltainmobiliaria.godoycruz\/\">\n\n\t\t\t\t\t\t\t\t\t\t\t\t<span class=\"elementor-icon-list-icon\">\n\t\t\t\t\t\t\t<i aria-hidden=\"true\" class=\"fab fa-instagram\"><\/i>\t\t\t\t\t\t<\/span>\n\t\t\t\t\t\t\t\t\t\t<span class=\"elementor-icon-list-text\">Instagram<\/span>\n\t\t\t\t\t\t\t\t\t\t\t<\/a>\n\t\t\t\t\t\t\t\t\t<\/li>\n\t\t\t\t\t\t<\/ul>\n\t\t\t\t\t\t<\/div>\n\t\t\t\t\t<\/div>\n\t\t<\/div>\n\t\t\t\t\t<\/div>\n\t\t<\/footer>\n\t\t\t\t<section class=\"elementor-section elementor-top-section elementor-element elementor-element-43ff2464 elementor-section-boxed elementor-section-height-default elementor-section-height-default wpr-particle-no wpr-jarallax-no wpr-parallax-no wpr-sticky-section-no wpr-column-slider-no wpr-equal-height-no\" data-id=\"43ff2464\" data-element_type=\"section\" data-e-type=\"section\" data-settings=\"{&quot;background_background&quot;:&quot;classic&quot;}\">\n\t\t\t\t\t\t<div class=\"elementor-container elementor-column-gap-no\">\n\t\t\t\t\t<div class=\"elementor-column elementor-col-100 elementor-top-column elementor-element elementor-element-2ac68b39\" data-id=\"2ac68b39\" data-element_type=\"column\" data-e-type=\"column\">\n\t\t\t<div class=\"elementor-widget-wrap\">\n\t\t\t\t\t\t\t<\/div>\n\t\t<\/div>\n\t\t\t\t\t<\/div>\n\t\t<\/section>\n\t\t\t\t<\/div>\n\t\t","protected":false},"excerpt":{"rendered":"<p>Inicio Propiedades La Empresa El Equipo Contacto Inicio Propiedades La Empresa El Equipo Contacto Contacto No dude en consultarnos Descubre tu pr\u00f3ximo hogar o inversi\u00f3n con Peralta Inmobiliaria . Te acompa\u00f1amos en cada paso, ofreciendo propiedades \u00fanicas y asesoramiento experto. \u00a1Tu b\u00fasqueda termina aqu\u00ed! Cont\u00e1ctanos para encontrar la propiedad ideal que se adapte a tus sue\u00f1os y necesidades. Contacto Perito Moreno 1454 &#8211; Godoy Cruz, Mendoza info@peraltainmobiliaria.com.ar 2617471532 Nuestra visi\u00f3n es ser la inmobiliaria elegida por nuestros servicios, capacidad de respuesta y calidad humana. Ser reconocidos como una empresa tradicional del sector inmobiliario mendocino. Nuestras redes Facebook Instagram<\/p>\n","protected":false},"author":1,"featured_media":0,"parent":0,"menu_order":0,"comment_status":"closed","ping_status":"closed","template":"elementor_canvas","meta":{"_joinchat":[],"footnotes":""},"class_list":["post-103871","page","type-page","status-publish","hentry"],"_links":{"self":[{"href":"https:\/\/peraltainmobiliaria.com.ar\/sitio\/wp-json\/wp\/v2\/pages\/103871","targetHints":{"allow":["GET"]}}],"collection":[{"href":"https:\/\/peraltainmobiliaria.com.ar\/sitio\/wp-json\/wp\/v2\/pages"}],"about":[{"href":"https:\/\/peraltainmobiliaria.com.ar\/sitio\/wp-json\/wp\/v2\/types\/page"}],"author":[{"embeddable":true,"href":"https:\/\/peraltainmobiliaria.com.ar\/sitio\/wp-json\/wp\/v2\/users\/1"}],"replies":[{"embeddable":true,"href":"https:\/\/peraltainmobiliaria.com.ar\/sitio\/wp-json\/wp\/v2\/comments?post=103871"}],"version-history":[{"count":23,"href":"https:\/\/peraltainmobiliaria.com.ar\/sitio\/wp-json\/wp\/v2\/pages\/103871\/revisions"}],"predecessor-version":[{"id":1034191,"href":"https:\/\/peraltainmobiliaria.com.ar\/sitio\/wp-json\/wp\/v2\/pages\/103871\/revisions\/1034191"}],"wp:attachment":[{"href":"https:\/\/peraltainmobiliaria.com.ar\/sitio\/wp-json\/wp\/v2\/media?parent=103871"}],"curies":[{"name":"wp","href":"https:\/\/api.w.org\/{rel}","templated":true}]}}